{"id":25,"date":"2020-05-02T21:27:37","date_gmt":"2020-05-02T19:27:37","guid":{"rendered":"https:\/\/www.richard-anton.de\/index22\/?page_id=25"},"modified":"2024-01-29T12:23:35","modified_gmt":"2024-01-29T11:23:35","slug":"auslandsvertretungen","status":"publish","type":"page","link":"https:\/\/www.richard-anton.de\/en\/unternehmen\/auslandsvertretungen\/","title":{"rendered":"Foreign representations"},"content":{"rendered":"<div class=\"wpb-content-wrapper\"><p>[vc_row row_type=&#8221;row&#8221; use_row_as_full_screen_section=&#8221;no&#8221; type=&#8221;full_width&#8221; text_align=&#8221;left&#8221; background_animation=&#8221;none&#8221; css_animation=&#8221;&#8221; css=&#8221;.vc_custom_1647521162269{padding-top: 200px !important;padding-bottom: 200px !important;background-image: url(https:\/\/www.richard-anton.de\/index22\/wp-content\/uploads\/2022\/02\/richardanton_Auslandsvertretung.jpg?id=1235) !important;}&#8221;][vc_column][vc_empty_space height=&#8221;50px&#8221;][\/vc_column][\/vc_row][vc_row row_type=&#8221;row&#8221; use_row_as_full_screen_section=&#8221;no&#8221; type=&#8221;full_width&#8221; text_align=&#8221;left&#8221; background_animation=&#8221;none&#8221; css_animation=&#8221;&#8221; css=&#8221;.vc_custom_1630053517080{margin-top: 100px !important;}&#8221;][vc_column][vc_column_text]<\/p>\n<h2 style=\"text-align: center;\">Partners abroad<\/h2>\n<p>[\/vc_column_text][\/vc_column][\/vc_row][vc_row row_type=&#8221;row&#8221; use_row_as_full_screen_section=&#8221;no&#8221; type=&#8221;grid&#8221; text_align=&#8221;left&#8221; background_animation=&#8221;none&#8221; css_animation=&#8221;&#8221;][vc_column][vc_column_text css=&#8221;.vc_custom_1647521134373{padding-top: 100px !important;}&#8221;]<\/p>\n<h3>We supply customers around the globe with our raw materials<\/h3>\n<p>We deliver our products globally wherever our customers are located. We have competent partners at our side in many countries, who not only support you in your product selection, but can also provide technical advice on site if required. We are only satisfied when we have found the ideal product for you!<\/p>\n<p>Here is a brief overview of our partners abroad:[\/vc_column_text][\/vc_column][\/vc_row][vc_row row_type=&#8221;row&#8221; use_row_as_full_screen_section=&#8221;no&#8221; type=&#8221;grid&#8221; text_align=&#8221;left&#8221; background_animation=&#8221;none&#8221; css_animation=&#8221;&#8221;][vc_column width=&#8221;1\/4&#8243; css=&#8221;.vc_custom_1651085600661{margin-top: 50px !important;}&#8221;][vc_single_image image=&#8221;903&#8243; img_size=&#8221;40&#215;35&#8243; qode_css_animation=&#8221;&#8221;][vc_column_text css=&#8221;.vc_custom_1651086036662{padding-top: 25px !important;}&#8221;]<\/p>\n<h3>Egypt<\/h3>\n<p>\u0646\u062d\u0646 \u0627\u0644\u0645\u0648\u0632\u0639 \u0648 \u0627\u0644\u0648\u0643\u064a\u0644 \u0627\u0644\u062d\u0635\u0631\u064a \u0644\u0634\u0631\u0643\u0629 \u0631\u064a\u062a\u0634\u0627\u0631\u062f \u0623\u0646\u0637\u0648\u0646 \u0643\u064a \u062c\u064a \u0641\u064a \u0645\u0635\u0631\u060c \u0627\u0630\u0627 \u0643\u0646\u062a \u062a\u0631\u063a\u0628 \u0641\u064a \u0645\u0639\u0631\u0641\u0629 \u0627\u0644\u0645\u0632\u064a\u062f \u0639\u0646 \u0645\u0646\u062a\u062c\u0627\u062a\u0646\u0627 \u0628\u0631\u062c\u0627\u0621<\/p>\n<p>\u0627\u0644\u0636\u063a\u0637 \u0647\u0646\u0627[\/vc_column_text][vc_separator type=&#8221;normal&#8221; border_style=&#8221;&#8221;][vc_column_text]<strong>Egyptian Modern Energy Systems Company<\/strong><br \/>\nTel.: +20 100 0415088<br \/>\nEmail: <a href=\"mailto:masarhan@emes-eg.com\">masarhan@emes-eg.com<\/a><br \/>\nWeb: <a href=\"http:\/\/www.emes-eg.com\" target=\"_blank\" rel=\"noopener noreferrer\">www.emes-eg.com<\/a>[\/vc_column_text][\/vc_column][vc_column width=&#8221;1\/4&#8243; css=&#8221;.vc_custom_1651085607798{margin-top: 50px !important;}&#8221;][vc_single_image image=&#8221;900&#8243; img_size=&#8221;40&#215;35&#8243; qode_css_animation=&#8221;&#8221;][vc_column_text css=&#8221;.vc_custom_1651086043108{padding-top: 25px !important;}&#8221;]<\/p>\n<h3>Belgium<\/h3>\n<p>\u201eWe are the official sole distributor of Richard Anton KG in Belgium. If you would like to know more about our products, please click here.\u201c[\/vc_column_text][vc_separator type=&#8221;normal&#8221; border_style=&#8221;&#8221;][vc_column_text]<strong>N.V. Contimet S.A.<\/strong><br \/>\nTel.: +32 2 534 92 92<br \/>\nE-Mail: <a href=\"mailto:contimet@skynet.be\">contimet@skynet.be<\/a>[\/vc_column_text][\/vc_column][vc_column width=&#8221;1\/4&#8243; css=&#8221;.vc_custom_1651085614099{margin-top: 50px !important;}&#8221;][vc_single_image image=&#8221;902&#8243; img_size=&#8221;40&#215;35&#8243; qode_css_animation=&#8221;&#8221;][vc_column_text css=&#8221;.vc_custom_1651086049358{padding-top: 25px !important;}&#8221;]<\/p>\n<h3>Denmark<\/h3>\n<p>Vi er officiel eneforhandler og distribut\u00f8r af Richard Anton KG i Danmark. Hvis du \u00f8nsker mere information om vores produkter, klik her.[\/vc_column_text][vc_separator type=&#8221;normal&#8221; border_style=&#8221;&#8221;][vc_column_text]<strong>Afridana A\/S<\/strong><br \/>\nTel.: +45 33 15 42 00<br \/>\nE-Mail: <a href=\"mailto:info@afridana.dk\">info@afridana.dk<\/a><br \/>\nWeb: <a href=\"http:\/\/www.afridana.dk\" target=\"_blank\" rel=\"noopener noreferrer\">www.afridana.dk<\/a>[\/vc_column_text][\/vc_column][vc_column width=&#8221;1\/4&#8243; css=&#8221;.vc_custom_1651085620860{margin-top: 50px !important;}&#8221;][vc_single_image image=&#8221;904&#8243; img_size=&#8221;40&#215;35&#8243; qode_css_animation=&#8221;&#8221;][vc_column_text css=&#8221;.vc_custom_1651086056132{padding-top: 25px !important;}&#8221;]<\/p>\n<h3>Finland<\/h3>\n<p>Olemme ainoa virallinen jakelija Richard Anton KG:lle Suomessa. Jos haluatte tiet\u00e4\u00e4 lis\u00e4\u00e4 tuotteistamme, yst\u00e4v\u00e4llisesti painakaa t\u00e4st\u00e4.[\/vc_column_text][vc_separator type=&#8221;normal&#8221; border_style=&#8221;&#8221;][vc_column_text]<strong>Meca-Trade Oy<\/strong><br \/>\nTel.: +358 40 483 6402<br \/>\nE-Mail: <a href=\"mailto:meca-trade@mecatrade.fi\">meca-trade@mecatrade.fi<\/a><br \/>\nWeb: <a href=\"https:\/\/www.mecatrade.fi\/\" target=\"_blank\" rel=\"noopener noreferrer\">www.mecatrade.fi<\/a>[\/vc_column_text][\/vc_column][\/vc_row][vc_row row_type=&#8221;row&#8221; use_row_as_full_screen_section=&#8221;no&#8221; type=&#8221;grid&#8221; text_align=&#8221;left&#8221; background_animation=&#8221;none&#8221; css_animation=&#8221;&#8221;][vc_column width=&#8221;1\/4&#8243; css=&#8221;.vc_custom_1651085637154{margin-top: 50px !important;}&#8221;][vc_single_image image=&#8221;905&#8243; img_size=&#8221;40&#215;35&#8243; qode_css_animation=&#8221;&#8221;][vc_column_text css=&#8221;.vc_custom_1651086064351{padding-top: 25px !important;}&#8221;]<\/p>\n<h3>France<\/h3>\n<p>Nous sommes l\u2019agent officiel et unique de Richard Anton KG en France. N\u2019h\u00e9sitez pas \u00e0 nous contacter pour tout renseignements compl\u00e9mentaires n\u00e9cessaires sur nos produits, merci de cliquer ici.&#8221;[\/vc_column_text][vc_separator type=&#8221;normal&#8221; border_style=&#8221;&#8221;][vc_column_text]<strong>Astea Consulting<\/strong><\/p>\n<p><strong>Didier Legrand<\/strong><br \/>\nMobile: +33 6 07 66 47 63<br \/>\nE-Mail: <a href=\"mailto:d.legrand@astea-consulting.fr\">d.legrand@astea-consulting.fr<\/a><br \/>\nWeb: <a href=\"http:\/\/www.astea-consulting.fr\" target=\"_blank\" rel=\"noopener noreferrer\">www.astea-consulting.fr<\/a>[\/vc_column_text][\/vc_column][vc_column width=&#8221;1\/4&#8243; css=&#8221;.vc_custom_1651085643657{margin-top: 50px !important;}&#8221;][vc_single_image image=&#8221;917&#8243; img_size=&#8221;111&#215;35&#8243; qode_css_animation=&#8221;&#8221;][vc_column_text css=&#8221;.vc_custom_1651086071301{padding-top: 25px !important;}&#8221;]<\/p>\n<h3>Italy &amp; Slovenia<\/h3>\n<p>Siamo il distributore ufficiale esclusivo della societ\u00e0 Richard Anton KG per l\u2019Italia e la Slovenia. Per saperne di pi\u00f9 sui nostri prodotti, clicca qui[\/vc_column_text][vc_separator type=&#8221;normal&#8221; border_style=&#8221;&#8221;][vc_column_text]<strong>Metal Trading International s.r.l. a socio unico<\/strong><br \/>\nTel.: +39 04 81 52 15 11<br \/>\nE-Mail: <a href=\"mailto:mti@metaltrading.it\">mti@metaltrading.it<\/a><br \/>\nWeb: <a href=\"http:\/\/www.metaltrading.it\" target=\"_blank\" rel=\"noopener noreferrer\">www.metaltrading.it<\/a>[\/vc_column_text][\/vc_column][vc_column width=&#8221;1\/4&#8243; css=&#8221;.vc_custom_1651085649770{margin-top: 50px !important;}&#8221;][vc_single_image image=&#8221;907&#8243; img_size=&#8221;40&#215;35&#8243; qode_css_animation=&#8221;&#8221;][vc_column_text css=&#8221;.vc_custom_1651086077454{padding-top: 25px !important;}&#8221;]<\/p>\n<h3>Poland<\/h3>\n<p>Jeste\u015bmy oficjalnym wy\u0142\u0105cznym dystrybutorem firmy Richard Anton KG w Polsce. Je\u015bli chcesz dowiedzie\u0107 si\u0119 wi\u0119cej o naszych produktach, kliknij tutaj.[\/vc_column_text][vc_separator type=&#8221;normal&#8221; border_style=&#8221;&#8221;][vc_column_text]<strong>Jak Sp.z.o.o.<\/strong><br \/>\nTel.: +48 22 612 68 15<br \/>\nE-Mail: <a href=\"mailto:jak@jakspzoo.pl\">jak@jakspzoo.pl<\/a><br \/>\nWeb: <a href=\"http:\/\/www.jakspzoo.pl\" target=\"_blank\" rel=\"noopener noreferrer\">www.jakspzoo.pl<\/a>[\/vc_column_text][\/vc_column][vc_column width=&#8221;1\/4&#8243; css=&#8221;.vc_custom_1651085656385{margin-top: 50px !important;}&#8221;][vc_single_image image=&#8221;908&#8243; img_size=&#8221;40&#215;35&#8243; qode_css_animation=&#8221;&#8221;][vc_column_text css=&#8221;.vc_custom_1651086083817{padding-top: 25px !important;}&#8221;]<\/p>\n<h3>Serbia<\/h3>\n<p>Mi smo zvani\u010dni zastupnik Richard-a Anton-a u Srbiji. Ukoliko \u017eelite da saznate vi\u0161e o na\u0161im proizvodima, molimo kliknite ovde.[\/vc_column_text][vc_separator type=&#8221;normal&#8221; border_style=&#8221;&#8221;][vc_column_text]<strong>INOVING d.o.o.<\/strong><br \/>\nTel.: +381 (011) 311 66 73<br \/>\nE-Mail: <a href=\"mailto:n.barbir@inoving.rs\">n.barbir@inoving.rs<\/a><br \/>\nWeb: <a href=\"http:\/\/www.inoving.rs\" target=\"_blank\" rel=\"noopener noreferrer\">www.inoving.rs<\/a>[\/vc_column_text][\/vc_column][\/vc_row][vc_row row_type=&#8221;row&#8221; use_row_as_full_screen_section=&#8221;no&#8221; type=&#8221;grid&#8221; text_align=&#8221;left&#8221; background_animation=&#8221;none&#8221; css_animation=&#8221;&#8221;][vc_column width=&#8221;1\/4&#8243; css=&#8221;.vc_custom_1651085673044{margin-top: 50px !important;}&#8221;][vc_single_image image=&#8221;909&#8243; img_size=&#8221;40&#215;35&#8243; qode_css_animation=&#8221;&#8221;][vc_column_text css=&#8221;.vc_custom_1651559504717{padding-top: 25px !important;}&#8221;]<\/p>\n<h3>Spain<\/h3>\n<p>Somos el distribuidor oficial exclusivo de Richard Anton KG en Espa\u00f1a. Si les gustar\u00eda conocer m\u00e1s sobre nuestros productos, por favor click aqu\u00ed[\/vc_column_text][vc_separator type=&#8221;normal&#8221; border_style=&#8221;&#8221;][vc_column_text]<strong>JLQ ISMAF, S.L.<\/strong><br \/>\nTel.: +34 94 452 02 03<br \/>\nE-Mail: <a href=\"mailto:ismaf@ismaf.com\">ismaf@ismaf.com<\/a><br \/>\nWeb: <a href=\"http:\/\/www.ismaf.com\" target=\"_blank\" rel=\"noopener noreferrer\">www.ismaf.com<\/a>[\/vc_column_text][\/vc_column][vc_column width=&#8221;1\/4&#8243; css=&#8221;.vc_custom_1651085679430{margin-top: 50px !important;}&#8221;][vc_single_image image=&#8221;901&#8243; img_size=&#8221;40&#215;35&#8243; qode_css_animation=&#8221;&#8221;][vc_column_text css=&#8221;.vc_custom_1651086098069{padding-top: 25px !important;}&#8221;]<\/p>\n<h3>Czech Republic<\/h3>\n<p>Jsme oficieln\u00edm z\u00e1stupcem firmy Richard Anton KG pro \u010ceskou Republiku. Jestli\u017ee m\u00e1te z\u00e1jem dozv\u011bd\u011bt se v\u00edce o na\u0161ich v\u00fdrobc\u00edch pros\u00edm klikn\u011bte zde[\/vc_column_text][vc_separator type=&#8221;normal&#8221; border_style=&#8221;&#8221;][vc_column_text]<strong>Herr J. Dvorak<\/strong><br \/>\nTel.: 0042 025 164 1403<br \/>\nE-Mail: <a href=\"mailto:oz.jdvorak@atlas.cz\">oz.jdvorak@atlas.cz<\/a>[\/vc_column_text][\/vc_column][vc_column width=&#8221;1\/4&#8243;][vc_single_image image=&#8221;910&#8243; img_size=&#8221;40&#215;35&#8243; qode_css_animation=&#8221;&#8221; css=&#8221;.vc_custom_1651085686352{margin-top: 50px !important;}&#8221;][vc_column_text css=&#8221;.vc_custom_1651086104798{padding-top: 25px !important;}&#8221;]<\/p>\n<h3>Turkey<\/h3>\n<p>Richard Anton KG&#8217;nin T\u00fcrkiye&#8217;deki resmi tek distrib\u00fct\u00f6r\u00fcy\u00fcz. \u00dcr\u00fcnlerimiz hakk\u0131nda daha fazla bilgi edinmek isterseniz l\u00fctfen buray\u0131 t\u0131klay\u0131n.[\/vc_column_text][vc_separator type=&#8221;normal&#8221; border_style=&#8221;&#8221;][vc_column_text]<strong>ZENMET DIS TICARET A.S.<\/strong><br \/>\nTel.: +90 (216) 411 6916<br \/>\nE-Mail: <a href=\"mailto:info@zenmet.com\">info@zenmet.com<\/a><br \/>\nWeb: <a href=\"http:\/\/www.zenmet.com\" target=\"_blank\" rel=\"noopener noreferrer\">www.zenmet.com<\/a>[\/vc_column_text][\/vc_column][vc_column width=&#8221;1\/4&#8243;][\/vc_column][\/vc_row]<\/p>\n<\/div>","protected":false},"excerpt":{"rendered":"<p>[vc_row row_type=&#8221;row&#8221; use_row_as_full_screen_section=&#8221;no&#8221; type=&#8221;full_width&#8221; text_align=&#8221;left&#8221; background_animation=&#8221;none&#8221; css_animation=&#8221;&#8221; css=&#8221;.vc_custom_1647521162269{padding-top: 200px !important;padding-bottom: 200px !important;background-image: url(https:\/\/www.richard-anton.de\/index22\/wp-content\/uploads\/2022\/02\/richardanton_Auslandsvertretung.jpg?id=1235) !important;}&#8221;][vc_column][vc_empty_space height=&#8221;50px&#8221;][\/vc_column][\/vc_row][vc_row row_type=&#8221;row&#8221; use_row_as_full_screen_section=&#8221;no&#8221; type=&#8221;full_width&#8221; text_align=&#8221;left&#8221; background_animation=&#8221;none&#8221; css_animation=&#8221;&#8221; css=&#8221;.vc_custom_1630053517080{margin-top: 100px !important;}&#8221;][vc_column][vc_column_text] Partners abroad [\/vc_column_text][\/vc_column][\/vc_row][vc_row row_type=&#8221;row&#8221; use_row_as_full_screen_section=&#8221;no&#8221; type=&#8221;grid&#8221; text_align=&#8221;left&#8221; background_animation=&#8221;none&#8221; css_animation=&#8221;&#8221;][vc_column][vc_column_text css=&#8221;.vc_custom_1647521134373{padding-top: 100px !important;}&#8221;] We supply customers around the globe with our raw&#8230;<\/p>\n","protected":false},"author":1,"featured_media":0,"parent":23,"menu_order":0,"comment_status":"closed","ping_status":"closed","template":"full_width.php","meta":{"footnotes":""},"class_list":["post-25","page","type-page","status-publish","hentry"],"_links":{"self":[{"href":"https:\/\/www.richard-anton.de\/en\/wp-json\/wp\/v2\/pages\/25","targetHints":{"allow":["GET"]}}],"collection":[{"href":"https:\/\/www.richard-anton.de\/en\/wp-json\/wp\/v2\/pages"}],"about":[{"href":"https:\/\/www.richard-anton.de\/en\/wp-json\/wp\/v2\/types\/page"}],"author":[{"embeddable":true,"href":"https:\/\/www.richard-anton.de\/en\/wp-json\/wp\/v2\/users\/1"}],"replies":[{"embeddable":true,"href":"https:\/\/www.richard-anton.de\/en\/wp-json\/wp\/v2\/comments?post=25"}],"version-history":[{"count":38,"href":"https:\/\/www.richard-anton.de\/en\/wp-json\/wp\/v2\/pages\/25\/revisions"}],"predecessor-version":[{"id":1728,"href":"https:\/\/www.richard-anton.de\/en\/wp-json\/wp\/v2\/pages\/25\/revisions\/1728"}],"up":[{"embeddable":true,"href":"https:\/\/www.richard-anton.de\/en\/wp-json\/wp\/v2\/pages\/23"}],"wp:attachment":[{"href":"https:\/\/www.richard-anton.de\/en\/wp-json\/wp\/v2\/media?parent=25"}],"curies":[{"name":"wp","href":"https:\/\/api.w.org\/{rel}","templated":true}]}}