{"id":451,"date":"2020-11-20T10:18:02","date_gmt":"2020-11-20T09:18:02","guid":{"rendered":"https:\/\/www.richard-anton.de\/index22\/?page_id=451"},"modified":"2020-11-20T10:18:02","modified_gmt":"2020-11-20T09:18:02","slug":"home-hellblau","status":"publish","type":"page","link":"https:\/\/www.richard-anton.de\/en\/home-hellblau\/","title":{"rendered":"Home Hellblau"},"content":{"rendered":"<div class=\"wpb-content-wrapper\"><p>[vc_row row_type=&#8221;row&#8221; use_row_as_full_screen_section=&#8221;no&#8221; type=&#8221;full_width&#8221; text_align=&#8221;left&#8221; background_animation=&#8221;none&#8221; css_animation=&#8221;&#8221; css=&#8221;.vc_custom_1595860981615{background: #004f9e url(https:\/\/www.richard-anton.de\/index22\/wp-content\/uploads\/2020\/05\/bg.jpg?id=61) !important;}&#8221;][vc_column][vc_single_image image=&#8221;431&#8243; img_size=&#8221;full&#8221; qode_css_animation=&#8221;&#8221;][\/vc_column][\/vc_row][vc_row row_type=&#8221;row&#8221; use_row_as_full_screen_section=&#8221;yes&#8221; type=&#8221;grid&#8221; text_align=&#8221;left&#8221; background_animation=&#8221;none&#8221; css_animation=&#8221;&#8221; css=&#8221;.vc_custom_1605863874897{margin-bottom: 100px !important;padding-top: 100px !important;padding-bottom: 100px !important;background-color: #aacae6 !important;}&#8221;][vc_column][vc_column_text css=&#8221;.vc_custom_1605863865986{margin-bottom: 50px !important;}&#8221;]<\/p>\n<h5 style=\"text-align: center;\"><span style=\"color: #004f9e;\">GESCH\u00c4FTSBEREICHE DER RICHARD ANTON KG<\/span><\/h5>\n<p>[\/vc_column_text][vc_row_inner row_type=&#8221;row&#8221; type=&#8221;full_width&#8221; use_row_as_full_screen_section_slide=&#8221;no&#8221; use_as_box=&#8221;use_row_as_box&#8221; text_align=&#8221;left&#8221; css_animation=&#8221;&#8221; css=&#8221;.vc_custom_1603875801369{margin-bottom: 50px !important;}&#8221;][vc_column_inner width=&#8221;1\/2&#8243;][layerslider_vc id=&#8221;1&#8243;][\/vc_column_inner][vc_column_inner width=&#8221;1\/2&#8243;][layerslider_vc id=&#8221;2&#8243;][\/vc_column_inner][\/vc_row_inner][vc_row_inner row_type=&#8221;row&#8221; type=&#8221;full_width&#8221; use_row_as_full_screen_section_slide=&#8221;no&#8221; text_align=&#8221;left&#8221; css_animation=&#8221;&#8221;][vc_column_inner width=&#8221;1\/2&#8243;][layerslider_vc id=&#8221;3&#8243;][\/vc_column_inner][vc_column_inner width=&#8221;1\/2&#8243;][layerslider_vc id=&#8221;4&#8243;][\/vc_column_inner][\/vc_row_inner][\/vc_column][\/vc_row][vc_row row_type=&#8221;row&#8221; use_row_as_full_screen_section=&#8221;no&#8221; type=&#8221;grid&#8221; text_align=&#8221;left&#8221; background_animation=&#8221;none&#8221; css_animation=&#8221;&#8221; css=&#8221;.vc_custom_1603880724969{margin-bottom: 100px !important;padding-top: 100px !important;padding-bottom: 50px !important;}&#8221;][vc_column width=&#8221;1\/2&#8243;][vc_column_text css=&#8221;.vc_custom_1603962002894{margin-bottom: 50px !important;}&#8221;]<\/p>\n<h3 style=\"text-align: left;\">Richard Anton KG \u2013 Specialist for Carbon Products<\/h3>\n<p><strong>Qualit\u00e4t, Zuverl\u00e4ssigkeit und Fortschritt \u2013 seit 4 Generationen<\/strong><\/p>\n<p>Die Richard Anton KG ist ein seit 1904 weltweit t\u00e4tiges Familienunternehmen und einer der f\u00fchrenden Lieferanten von synthetischen Grafiten, kalzinierten Petrolkoksen und Anthrazit. Ferner sind wir seit 1972 im Roheisenhandel t\u00e4tig.<\/p>\n<p>Mit zwei hochautomatisierten Produktionsstandorten in Deutschland hat sich unser Unternehmen auf die Herstellung von verschiedensten Kornfraktionen und auf die Vermahlung bis in niedrigste Mikrometerbereiche spezialisiert. Die Kohlenstoffprodukte werden weltweit unter dem Namen RANCO vertrieben.<\/p>\n<p>Unsere Kunden sch\u00e4tzen unsere konstante Qualit\u00e4t und Zuverl\u00e4ssigkeit. Durch st\u00e4ndige Investitionen in modernste Anlagen und einen perfekt abgestimmten Produktionsablauf setzen wir auf Wachstum und Fortschritt.[\/vc_column_text]<a href=\"unternehmen\" target=\"_self\"  class=\"qbutton \" style=\"\">mehr<\/a>[vc_empty_space height=&#8221;50px&#8221;][\/vc_column][vc_column width=&#8221;1\/2&#8243; css=&#8221;.vc_custom_1603880546085{margin-top: 0px !important;padding-top: 0px !important;background-position: center !important;background-repeat: no-repeat !important;background-size: cover !important;}&#8221;][vc_single_image image=&#8221;180&#8243; img_size=&#8221;full&#8221; qode_css_animation=&#8221;&#8221; css=&#8221;.vc_custom_1603880613989{margin-top: 0px !important;padding-top: 0px !important;}&#8221;][\/vc_column][\/vc_row][vc_row row_type=&#8221;row&#8221; use_row_as_full_screen_section=&#8221;no&#8221; type=&#8221;full_width&#8221; text_align=&#8221;left&#8221; background_image=&#8221;361&#8243; background_animation=&#8221;none&#8221; side_padding=&#8221;100&#8243; padding_top=&#8221;200&#8243; padding_bottom=&#8221;200&#8243; css_animation=&#8221;&#8221; background_color=&#8221;rgba(0,0,0,0.85)&#8221;][vc_column width=&#8221;1\/2&#8243;][\/vc_column][vc_column width=&#8221;1\/2&#8243; css=&#8221;.vc_custom_1603881866107{background-color: #ffffff !important;}&#8221;][vc_column_text css=&#8221;.vc_custom_1603881824752{padding-bottom: 20px !important;}&#8221;]<\/p>\n<h3>Die Richard Anton KG \u2013\u00a0an drei Standorten f\u00fcr Sie da<\/h3>\n<p><strong>Unsere Produkte k\u00f6nnen Sie auf der ganzen Welt wieder finden. Die Wurzeln des Unternehmens aber liegen in Deutschland.<\/strong><\/p>\n<p>Das Herz der Richard Anton KG schl\u00e4gt in <a href=\"https:\/\/www.richard-anton.de\/index22\/standorte\/graefelfing\/\">M\u00fcnchen<\/a>, wo die Firma am<br \/>\n13. Dezember 1904 um 13:00 Uhr gegr\u00fcndet wurde.<\/p>\n<p>An den Produktionsstandorten in <a href=\"https:\/\/www.richard-anton.de\/index22\/standorte\/obernzell\/\">Obernzell<\/a> und <a href=\"https:\/\/www.richard-anton.de\/index22\/standorte\/mannheim\/\">Mannheim<\/a> werden heute hochwertige Qualit\u00e4tsgrafite f\u00fcr diverse Anwendungen hergestellt. Um h\u00f6chsten Qualit\u00e4t- und Umweltstandards zu entsprechen, sind die Werke nach DIN ISO 9002 und ISO 14001:2004 zertifiziert und produzieren emissionsfrei.<\/p>\n<p>Erfahren Sie mehr \u00fcber unsere <a href=\"https:\/\/www.richard-anton.de\/index22\/standorte\/\">drei Standorte<\/a>[\/vc_column_text][\/vc_column][\/vc_row][vc_row row_type=&#8221;row&#8221; use_row_as_full_screen_section=&#8221;no&#8221; type=&#8221;grid&#8221; text_align=&#8221;left&#8221; background_animation=&#8221;none&#8221; css_animation=&#8221;&#8221; css=&#8221;.vc_custom_1589882989645{padding-top: 100px !important;padding-bottom: 100px !important;}&#8221;][vc_column width=&#8221;2\/3&#8243;]\n<div class=\"wpcf7 no-js\" id=\"wpcf7-f5-o1\" lang=\"de-DE\" dir=\"ltr\" data-wpcf7-id=\"5\">\n<div class=\"screen-reader-response\"><p role=\"status\" aria-live=\"polite\" aria-atomic=\"true\"><\/p> <ul><\/ul><\/div>\n<form action=\"\/en\/wp-json\/wp\/v2\/pages\/451#wpcf7-f5-o1\" method=\"post\" class=\"wpcf7-form init default\" aria-label=\"Kontaktformular\" novalidate=\"novalidate\" data-status=\"init\">\n<div style=\"display: none;\">\n<input type=\"hidden\" name=\"_wpcf7\" value=\"5\" \/>\n<input type=\"hidden\" name=\"_wpcf7_version\" value=\"6.0.4\" \/>\n<input type=\"hidden\" name=\"_wpcf7_locale\" value=\"de_DE\" \/>\n<input type=\"hidden\" name=\"_wpcf7_unit_tag\" value=\"wpcf7-f5-o1\" \/>\n<input type=\"hidden\" name=\"_wpcf7_container_post\" value=\"0\" \/>\n<input type=\"hidden\" name=\"_wpcf7_posted_data_hash\" value=\"\" \/>\n<\/div>\n<p><label> <span class=\"wpcf7-form-control-wrap\" data-name=\"your-company\"><input size=\"40\" maxlength=\"400\" class=\"wpcf7-form-control wpcf7-text wpcf7-validates-as-required\" aria-required=\"true\" aria-invalid=\"false\" placeholder=\"Firma*\" value=\"\" type=\"text\" name=\"your-company\" \/><\/span> <\/label>\n<\/p>\n<p><label> <span class=\"wpcf7-form-control-wrap\" data-name=\"your-name\"><input size=\"40\" maxlength=\"400\" class=\"wpcf7-form-control wpcf7-text wpcf7-validates-as-required\" aria-required=\"true\" aria-invalid=\"false\" placeholder=\"Name, Vorname*\" value=\"\" type=\"text\" name=\"your-name\" \/><\/span> <\/label>\n<\/p>\n<p><label> <span class=\"wpcf7-form-control-wrap\" data-name=\"your-email\"><input size=\"40\" maxlength=\"400\" class=\"wpcf7-form-control wpcf7-email wpcf7-validates-as-required wpcf7-text wpcf7-validates-as-email\" aria-required=\"true\" aria-invalid=\"false\" placeholder=\"E-mail*\" value=\"\" type=\"email\" name=\"your-email\" \/><\/span> <\/label>\n<\/p>\n<p><label><span class=\"wpcf7-form-control-wrap\" data-name=\"tel-205\"><input size=\"40\" maxlength=\"400\" class=\"wpcf7-form-control wpcf7-tel wpcf7-validates-as-required wpcf7-text wpcf7-validates-as-tel\" aria-required=\"true\" aria-invalid=\"false\" placeholder=\"Telefon*\" value=\"\" type=\"tel\" name=\"tel-205\" \/><\/span> <\/label>\n<\/p>\n<p><label> <span class=\"wpcf7-form-control-wrap\" data-name=\"your-subject\"><input size=\"40\" maxlength=\"400\" class=\"wpcf7-form-control wpcf7-text\" aria-invalid=\"false\" placeholder=\"Betreff\" value=\"\" type=\"text\" name=\"your-subject\" \/><\/span> <\/label>\n<\/p>\n<p><label> <span class=\"wpcf7-form-control-wrap\" data-name=\"your-message\"><textarea cols=\"40\" rows=\"10\" maxlength=\"2000\" class=\"wpcf7-form-control wpcf7-textarea\" aria-invalid=\"false\" placeholder=\"Ihre Nachricht*\" name=\"your-message\"><\/textarea><\/span> <\/label>\n<\/p>\n<p class=\"smallwhite\">*Pflichtfeld\n<\/p>\n<p><input class=\"wpcf7-form-control wpcf7-submit has-spinner\" type=\"submit\" value=\"Senden\" \/>\n<\/p><div class=\"wpcf7-response-output\" aria-hidden=\"true\"><\/div>\n<\/form>\n<\/div>\n[\/vc_column][vc_column width=&#8221;1\/3&#8243;][vc_column_text]Richard Anton KG<\/p>\n<p>W\u00fcrmstrasse 55<br \/>\n82166 Gr\u00e4felfing<\/p>\n<p>Tel. +49 89 89 81 44 \u2013 0<br \/>\nFax +49 89 8 54 43 21<\/p>\n<p>info@richard-anton.de<br \/>\nwww.richard-anton.de[\/vc_column_text][\/vc_column][\/vc_row]<\/p>\n<\/div>","protected":false},"excerpt":{"rendered":"<p>[vc_row row_type=&#8221;row&#8221; use_row_as_full_screen_section=&#8221;no&#8221; type=&#8221;full_width&#8221; text_align=&#8221;left&#8221; background_animation=&#8221;none&#8221; css_animation=&#8221;&#8221; css=&#8221;.vc_custom_1595860981615{background: #004f9e url(https:\/\/www.richard-anton.de\/index22\/wp-content\/uploads\/2020\/05\/bg.jpg?id=61) !important;}&#8221;][vc_column][vc_single_image image=&#8221;431&#8243; img_size=&#8221;full&#8221; qode_css_animation=&#8221;&#8221;][\/vc_column][\/vc_row][vc_row row_type=&#8221;row&#8221; use_row_as_full_screen_section=&#8221;yes&#8221; type=&#8221;grid&#8221; text_align=&#8221;left&#8221; background_animation=&#8221;none&#8221; css_animation=&#8221;&#8221; css=&#8221;.vc_custom_1605863874897{margin-bottom: 100px !important;padding-top: 100px !important;padding-bottom: 100px !important;background-color: #aacae6 !important;}&#8221;][vc_column][vc_column_text css=&#8221;.vc_custom_1605863865986{margin-bottom: 50px !important;}&#8221;] GESCH\u00c4FTSBEREICHE DER RICHARD ANTON KG [\/vc_column_text][vc_row_inner row_type=&#8221;row&#8221; type=&#8221;full_width&#8221; use_row_as_full_screen_section_slide=&#8221;no&#8221; use_as_box=&#8221;use_row_as_box&#8221; text_align=&#8221;left&#8221; css_animation=&#8221;&#8221; css=&#8221;.vc_custom_1603875801369{margin-bottom:&#8230;<\/p>\n","protected":false},"author":1,"featured_media":0,"parent":0,"menu_order":0,"comment_status":"closed","ping_status":"closed","template":"full_width.php","meta":{"footnotes":""},"class_list":["post-451","page","type-page","status-publish","hentry"],"_links":{"self":[{"href":"https:\/\/www.richard-anton.de\/en\/wp-json\/wp\/v2\/pages\/451","targetHints":{"allow":["GET"]}}],"collection":[{"href":"https:\/\/www.richard-anton.de\/en\/wp-json\/wp\/v2\/pages"}],"about":[{"href":"https:\/\/www.richard-anton.de\/en\/wp-json\/wp\/v2\/types\/page"}],"author":[{"embeddable":true,"href":"https:\/\/www.richard-anton.de\/en\/wp-json\/wp\/v2\/users\/1"}],"replies":[{"embeddable":true,"href":"https:\/\/www.richard-anton.de\/en\/wp-json\/wp\/v2\/comments?post=451"}],"version-history":[{"count":1,"href":"https:\/\/www.richard-anton.de\/en\/wp-json\/wp\/v2\/pages\/451\/revisions"}],"predecessor-version":[{"id":452,"href":"https:\/\/www.richard-anton.de\/en\/wp-json\/wp\/v2\/pages\/451\/revisions\/452"}],"wp:attachment":[{"href":"https:\/\/www.richard-anton.de\/en\/wp-json\/wp\/v2\/media?parent=451"}],"curies":[{"name":"wp","href":"https:\/\/api.w.org\/{rel}","templated":true}]}}